{"id":843,"date":"2025-06-10T09:25:50","date_gmt":"2025-06-10T09:25:50","guid":{"rendered":"https:\/\/guides-baronnies.com\/?page_id=843"},"modified":"2025-09-23T10:20:11","modified_gmt":"2025-09-23T10:20:11","slug":"cgv","status":"publish","type":"page","link":"https:\/\/guides-baronnies.com\/nl\/cgv\/","title":{"rendered":"ALGEMENE VOORWAARDEN"},"content":{"rendered":"<div data-elementor-type=\"wp-page\" data-elementor-id=\"843\" class=\"elementor elementor-843\" data-elementor-post-type=\"page\">\n\t\t\t\t<div class=\"elementor-element elementor-element-59ef9b4 e-flex e-con-boxed e-con e-parent\" data-id=\"59ef9b4\" data-element_type=\"container\" data-e-type=\"container\">\n\t\t\t\t\t<div class=\"e-con-inner\">\n\t\t\t\t<div class=\"elementor-element elementor-element-790bdbf elementor-widget elementor-widget-heading\" data-id=\"790bdbf\" data-element_type=\"widget\" data-e-type=\"widget\" data-widget_type=\"heading.default\">\n\t\t\t\t<div class=\"elementor-widget-container\">\n\t\t\t\t\t<h1 class=\"elementor-heading-title elementor-size-default\">Verkoopvoorwaarden<\/h1>\t\t\t\t<\/div>\n\t\t\t\t<\/div>\n\t\t\t\t<div class=\"elementor-element elementor-element-e265498 elementor-widget elementor-widget-heading\" data-id=\"e265498\" data-element_type=\"widget\" data-e-type=\"widget\" data-widget_type=\"heading.default\">\n\t\t\t\t<div class=\"elementor-widget-container\">\n\t\t\t\t\t<h2 class=\"elementor-heading-title elementor-size-default\">Deelname <\/h2>\t\t\t\t<\/div>\n\t\t\t\t<\/div>\n\t\t\t\t<div class=\"elementor-element elementor-element-06a9013 elementor-widget__width-initial elementor-widget elementor-widget-text-editor\" data-id=\"06a9013\" data-element_type=\"widget\" data-e-type=\"widget\" data-widget_type=\"text-editor.default\">\n\t\t\t\t<div class=\"elementor-widget-container\">\n\t\t\t\t\t\t\t\t\t<p>Om deel te nemen aan een van de activiteiten die door het Bureau des Guides des Baronnies worden georganiseerd, moet u in goede gezondheid verkeren (in speciale gevallen kunt u contact met ons opnemen), over de juiste uitrusting voor de gekozen activiteit beschikken en de veiligheidsinstructies van de professional die verantwoordelijk is voor uw activiteit opvolgen.<\/p><p>Alle deelnemers moeten een wettelijke aansprakelijkheids-, eerstehulp-, medische en repatri\u00ebringsverzekering hebben.<\/p>\t\t\t\t\t\t\t\t<\/div>\n\t\t\t\t<\/div>\n\t\t\t\t<div class=\"elementor-element elementor-element-75766b2 elementor-widget elementor-widget-heading\" data-id=\"75766b2\" data-element_type=\"widget\" data-e-type=\"widget\" data-widget_type=\"heading.default\">\n\t\t\t\t<div class=\"elementor-widget-container\">\n\t\t\t\t\t<h1 class=\"elementor-heading-title elementor-size-default\">Beheer<\/h1>\t\t\t\t<\/div>\n\t\t\t\t<\/div>\n\t\t\t\t<div class=\"elementor-element elementor-element-efedab3 elementor-widget__width-initial elementor-widget elementor-widget-text-editor\" data-id=\"efedab3\" data-element_type=\"widget\" data-e-type=\"widget\" data-widget_type=\"text-editor.default\">\n\t\t\t\t<div class=\"elementor-widget-container\">\n\t\t\t\t\t\t\t\t\t<p>Onze leiders, instructeurs en gidsen zijn allemaal gekwalificeerde professionals in hun vakgebied.<\/p>\t\t\t\t\t\t\t\t<\/div>\n\t\t\t\t<\/div>\n\t\t\t\t<div class=\"elementor-element elementor-element-ae080a6 elementor-widget elementor-widget-heading\" data-id=\"ae080a6\" data-element_type=\"widget\" data-e-type=\"widget\" data-widget_type=\"heading.default\">\n\t\t\t\t<div class=\"elementor-widget-container\">\n\t\t\t\t\t<h1 class=\"elementor-heading-title elementor-size-default\">Beveiliging<\/h1>\t\t\t\t<\/div>\n\t\t\t\t<\/div>\n\t\t\t\t<div class=\"elementor-element elementor-element-c8405d1 elementor-widget__width-initial elementor-widget elementor-widget-text-editor\" data-id=\"c8405d1\" data-element_type=\"widget\" data-e-type=\"widget\" data-widget_type=\"text-editor.default\">\n\t\t\t\t<div class=\"elementor-widget-container\">\n\t\t\t\t\t\t\t\t\t<p>De haalbaarheid van elk programma hangt af van de beoordeling van onze professionals op basis van de weersomstandigheden, het terrein en de vaardigheden van de deelnemers. De gidsen staan voortdurend in contact met het boekingskantoor en de hulpdiensten, evenals met verschillende ambtenaren (hulpdiensten, gendarmerie, gemeentehuis, enz.).<\/p>\t\t\t\t\t\t\t\t<\/div>\n\t\t\t\t<\/div>\n\t\t\t\t<div class=\"elementor-element elementor-element-c7296f4 elementor-widget elementor-widget-heading\" data-id=\"c7296f4\" data-element_type=\"widget\" data-e-type=\"widget\" data-widget_type=\"heading.default\">\n\t\t\t\t<div class=\"elementor-widget-container\">\n\t\t\t\t\t<h2 class=\"elementor-heading-title elementor-size-default\">Weersomstandigheden<\/h2>\t\t\t\t<\/div>\n\t\t\t\t<\/div>\n\t\t\t\t<div class=\"elementor-element elementor-element-50e9fab elementor-widget__width-initial elementor-widget elementor-widget-text-editor\" data-id=\"50e9fab\" data-element_type=\"widget\" data-e-type=\"widget\" data-widget_type=\"text-editor.default\">\n\t\t\t\t<div class=\"elementor-widget-container\">\n\t\t\t\t\t\t\t\t\t<p>Wisselende weersomstandigheden zijn in geen geval een reden voor annulering of uitstel van uw kant, zolang de activiteit door het Bureau des Guides des Baronnies wordt gehandhaafd. Er vindt geen terugbetaling plaats als de professional die verantwoordelijk is voor de activiteit de sessie niet annuleert of uitstelt.<\/p>\t\t\t\t\t\t\t\t<\/div>\n\t\t\t\t<\/div>\n\t\t\t\t<div class=\"elementor-element elementor-element-571cd11 elementor-widget elementor-widget-heading\" data-id=\"571cd11\" data-element_type=\"widget\" data-e-type=\"widget\" data-widget_type=\"heading.default\">\n\t\t\t\t<div class=\"elementor-widget-container\">\n\t\t\t\t\t<h2 class=\"elementor-heading-title elementor-size-default\">Verzekering<\/h2>\t\t\t\t<\/div>\n\t\t\t\t<\/div>\n\t\t\t\t<div class=\"elementor-element elementor-element-3622c57 elementor-widget__width-initial elementor-widget elementor-widget-text-editor\" data-id=\"3622c57\" data-element_type=\"widget\" data-e-type=\"widget\" data-widget_type=\"text-editor.default\">\n\t\t\t\t<div class=\"elementor-widget-container\">\n\t\t\t\t\t\t\t\t\t<p>Onze diensten omvatten geen individuele verzekering die onze activiteiten dekt.<br \/>Alle deelnemers moeten een wettelijke aansprakelijkheids-, eerstehulp-, medische en repatri\u00ebringsverzekering hebben.<\/p><p>Op de activiteitenpagina's van onze website geven we een link naar een verzekeringsmaatschappij die je kunt afsluiten om je in te dekken voor de activiteiten die je hebt gekozen.<\/p><p>Het Bureau des Guides des Baronnies is verzekerd bij de verzekeringsmaatschappij ALLIANZ onder polisnummer 644 849 53, die de aansprakelijkheid van de verkoper dekt in verband met de organisatie en de verkoop van deze verschillende sportdisciplines.<\/p>\t\t\t\t\t\t\t\t<\/div>\n\t\t\t\t<\/div>\n\t\t\t\t<div class=\"elementor-element elementor-element-d3ac07d elementor-widget elementor-widget-heading\" data-id=\"d3ac07d\" data-element_type=\"widget\" data-e-type=\"widget\" data-widget_type=\"heading.default\">\n\t\t\t\t<div class=\"elementor-widget-container\">\n\t\t\t\t\t<h2 class=\"elementor-heading-title elementor-size-default\">Reservering, registratie en betaling <\/h2>\t\t\t\t<\/div>\n\t\t\t\t<\/div>\n\t\t\t\t<div class=\"elementor-element elementor-element-0cd0403 elementor-widget__width-initial elementor-widget elementor-widget-text-editor\" data-id=\"0cd0403\" data-element_type=\"widget\" data-e-type=\"widget\" data-widget_type=\"text-editor.default\">\n\t\t\t\t<div class=\"elementor-widget-container\">\n\t\t\t\t\t\t\t\t\t<p>We raden je sterk aan om je activiteiten van tevoren te boeken. Boekingen moeten voor je verblijf worden gemaakt bij ons verkoopkantoor, onder voorbehoud van beschikbaarheid en goedkeuring door ons.<\/p>\t\t\t\t\t\t\t\t<\/div>\n\t\t\t\t<\/div>\n\t\t\t\t<div class=\"elementor-element elementor-element-ff73b18 elementor-widget elementor-widget-heading\" data-id=\"ff73b18\" data-element_type=\"widget\" data-e-type=\"widget\" data-widget_type=\"heading.default\">\n\t\t\t\t<div class=\"elementor-widget-container\">\n\t\t\t\t\t<h2 class=\"elementor-heading-title elementor-size-default\">Annulering <\/h2>\t\t\t\t<\/div>\n\t\t\t\t<\/div>\n\t\t\t\t<div class=\"elementor-element elementor-element-09bc209 elementor-widget__width-initial elementor-widget elementor-widget-text-editor\" data-id=\"09bc209\" data-element_type=\"widget\" data-e-type=\"widget\" data-widget_type=\"text-editor.default\">\n\t\t\t\t<div class=\"elementor-widget-container\">\n\t\t\t\t\t\t\t\t\t<p>Een betaalde activiteit kan alleen worden vergoed op vertoon van een medisch certificaat. De activiteit wordt dan terugbetaald of verschoven naar een latere dag.<\/p><p>Door je te registreren bevestig je dat je op de hoogte bent gesteld van onze algemene verkoopvoorwaarden en dat je deze accepteert.<\/p>\t\t\t\t\t\t\t\t<\/div>\n\t\t\t\t<\/div>\n\t\t\t\t<div class=\"elementor-element elementor-element-a87b09a elementor-widget elementor-widget-heading\" data-id=\"a87b09a\" data-element_type=\"widget\" data-e-type=\"widget\" data-widget_type=\"heading.default\">\n\t\t\t\t<div class=\"elementor-widget-container\">\n\t\t\t\t\t<h2 class=\"elementor-heading-title elementor-size-default\">Vergoeding<\/h2>\t\t\t\t<\/div>\n\t\t\t\t<\/div>\n\t\t\t\t<div class=\"elementor-element elementor-element-21e4ef5 elementor-widget__width-initial elementor-widget elementor-widget-text-editor\" data-id=\"21e4ef5\" data-element_type=\"widget\" data-e-type=\"widget\" data-widget_type=\"text-editor.default\">\n\t\t\t\t<div class=\"elementor-widget-container\">\n\t\t\t\t\t\t\t\t\t<p>Voor alle geboekte halve dagen, hele dagen en cursusactiviteiten :<br \/>&gt; V\u00f3\u00f3r D-48u: Geen aftrek<br \/>&gt; D-48h: 50% van het totaal verschuldigde bedrag<br \/>&gt; D-24u: 100% van het totaal verschuldigde bedrag<\/p><p>Elke dienst die wordt onderbroken of niet wordt opgenomen vanwege een ontoereikend fysiek en\/of technisch niveau wordt niet vergoed.<\/p><p>Als de student om wat voor reden dan ook niet in staat is om de activiteit op de geplande tijd of datum bij te wonen, wordt er geen claim geaccepteerd. Op vertoon van een medische verklaring kunnen we je echter wel een betalingsbewijs geven.<\/p><p>Geen terugbetaling als de activiteit wordt stopgezet om redenen waar wij geen controle over hebben (fysiek, psychologisch, slecht weer, veiligheidsmaatregelen, etc.).<\/p><p>De professionals behouden zich het recht voor om elk programma te wijzigen, met of zonder voorafgaande kennisgeving, afhankelijk van de weers- of veiligheidsomstandigheden, zonder dat een deelnemer aanspraak kan maken op welke vergoeding dan ook.<\/p>\t\t\t\t\t\t\t\t<\/div>\n\t\t\t\t<\/div>\n\t\t\t\t\t<\/div>\n\t\t\t\t<\/div>\n\t\t\t\t<\/div>","protected":false},"excerpt":{"rendered":"<p>Conditions g\u00e9n\u00e9rales de vente Participation La participation aux activit\u00e9s au Bureau des Guides des Baronnies demande une bonne sant\u00e9 (cas particuliers, nous contacter), un \u00e9quipement adapt\u00e9 aux activit\u00e9s choisies et le respect des consignes de s\u00e9curit\u00e9s sera donn\u00e9 par le professionnel de votre activit\u00e9. Chaque participant doit avoir une assurance responsabilit\u00e9 civile, secours, soins et [&hellip;]<\/p>\n","protected":false},"author":2,"featured_media":0,"parent":0,"menu_order":0,"comment_status":"closed","ping_status":"closed","template":"","meta":{"footnotes":""},"class_list":["post-843","page","type-page","status-publish","hentry"],"_links":{"self":[{"href":"https:\/\/guides-baronnies.com\/nl\/wp-json\/wp\/v2\/pages\/843","targetHints":{"allow":["GET"]}}],"collection":[{"href":"https:\/\/guides-baronnies.com\/nl\/wp-json\/wp\/v2\/pages"}],"about":[{"href":"https:\/\/guides-baronnies.com\/nl\/wp-json\/wp\/v2\/types\/page"}],"author":[{"embeddable":true,"href":"https:\/\/guides-baronnies.com\/nl\/wp-json\/wp\/v2\/users\/2"}],"replies":[{"embeddable":true,"href":"https:\/\/guides-baronnies.com\/nl\/wp-json\/wp\/v2\/comments?post=843"}],"version-history":[{"count":0,"href":"https:\/\/guides-baronnies.com\/nl\/wp-json\/wp\/v2\/pages\/843\/revisions"}],"wp:attachment":[{"href":"https:\/\/guides-baronnies.com\/nl\/wp-json\/wp\/v2\/media?parent=843"}],"curies":[{"name":"wp","href":"https:\/\/api.w.org\/{rel}","templated":true}]}}