{"id":149,"date":"2024-01-03T08:25:42","date_gmt":"2024-01-03T08:25:42","guid":{"rendered":"https:\/\/guides-baronnies.com\/?page_id=149"},"modified":"2024-05-06T07:31:41","modified_gmt":"2024-05-06T07:31:41","slug":"juridische-informatie","status":"publish","type":"page","link":"https:\/\/guides-baronnies.com\/nl\/juridische-informatie\/","title":{"rendered":"Juridische informatie"},"content":{"rendered":"<div data-elementor-type=\"wp-page\" data-elementor-id=\"149\" class=\"elementor elementor-149\" data-elementor-post-type=\"page\">\n\t\t\t\t<div class=\"elementor-element elementor-element-1bd89d9 e-flex e-con-boxed e-con e-parent\" data-id=\"1bd89d9\" data-element_type=\"container\" data-e-type=\"container\">\n\t\t\t\t\t<div class=\"e-con-inner\">\n\t\t\t\t<div class=\"elementor-element elementor-element-39f8f39 elementor-widget elementor-widget-heading\" data-id=\"39f8f39\" data-element_type=\"widget\" data-e-type=\"widget\" data-widget_type=\"heading.default\">\n\t\t\t\t<div class=\"elementor-widget-container\">\n\t\t\t\t\t<h1 class=\"elementor-heading-title elementor-size-default\">Juridische informatie<\/h1>\t\t\t\t<\/div>\n\t\t\t\t<\/div>\n\t\t\t\t<div class=\"elementor-element elementor-element-2327b13 elementor-widget elementor-widget-heading\" data-id=\"2327b13\" data-element_type=\"widget\" data-e-type=\"widget\" data-widget_type=\"heading.default\">\n\t\t\t\t<div class=\"elementor-widget-container\">\n\t\t\t\t\t<h2 class=\"elementor-heading-title elementor-size-default\">Redactionele verantwoordelijkheid<\/h2>\t\t\t\t<\/div>\n\t\t\t\t<\/div>\n\t\t\t\t<div class=\"elementor-element elementor-element-975be1a elementor-widget__width-initial elementor-widget elementor-widget-text-editor\" data-id=\"975be1a\" data-element_type=\"widget\" data-e-type=\"widget\" data-widget_type=\"text-editor.default\">\n\t\t\t\t<div class=\"elementor-widget-container\">\n\t\t\t\t\t\t\t\t\t<p>Franck Moscatello is verantwoordelijk voor de redactionele inhoud van de website www.guides-baronnies.com.<\/p>\t\t\t\t\t\t\t\t<\/div>\n\t\t\t\t<\/div>\n\t\t\t\t<div class=\"elementor-element elementor-element-740dbce elementor-widget elementor-widget-heading\" data-id=\"740dbce\" data-element_type=\"widget\" data-e-type=\"widget\" data-widget_type=\"heading.default\">\n\t\t\t\t<div class=\"elementor-widget-container\">\n\t\t\t\t\t<h1 class=\"elementor-heading-title elementor-size-default\">Bedrijf<\/h1>\t\t\t\t<\/div>\n\t\t\t\t<\/div>\n\t\t\t\t<div class=\"elementor-element elementor-element-96d476c elementor-widget__width-initial elementor-widget elementor-widget-text-editor\" data-id=\"96d476c\" data-element_type=\"widget\" data-e-type=\"widget\" data-widget_type=\"text-editor.default\">\n\t\t\t\t<div class=\"elementor-widget-container\">\n\t\t\t\t\t\t\t\t\t<p>Bureau des Guides des Baronnies Provencales<br \/>340 Le Grand Chemin<br \/>26170 Buis-les-Baronnies<br \/>SIRET: 90467461100010<\/p>\t\t\t\t\t\t\t\t<\/div>\n\t\t\t\t<\/div>\n\t\t\t\t<div class=\"elementor-element elementor-element-e9c87df elementor-widget elementor-widget-heading\" data-id=\"e9c87df\" data-element_type=\"widget\" data-e-type=\"widget\" data-widget_type=\"heading.default\">\n\t\t\t\t<div class=\"elementor-widget-container\">\n\t\t\t\t\t<h1 class=\"elementor-heading-title elementor-size-default\">Geregisseerd door<\/h1>\t\t\t\t<\/div>\n\t\t\t\t<\/div>\n\t\t\t\t<div class=\"elementor-element elementor-element-e50aa58 elementor-widget__width-initial elementor-widget elementor-widget-text-editor\" data-id=\"e50aa58\" data-element_type=\"widget\" data-e-type=\"widget\" data-widget_type=\"text-editor.default\">\n\t\t\t\t<div class=\"elementor-widget-container\">\n\t\t\t\t\t\t\t\t\t<p>Topicimes - Webagentschap in Le Mans<br \/>3 Ren\u00e9 Laenneclaan<br \/>72000 Le Mans<br \/>Telefoon: 07 56 83 87 77<br \/><a href=\"https:\/\/topicimes.pro\/\" target=\"_blank\" rel=\"noopener\">https:\/\/topicimes.pro\/<\/a><\/p>\t\t\t\t\t\t\t\t<\/div>\n\t\t\t\t<\/div>\n\t\t\t\t<div class=\"elementor-element elementor-element-b53c3dc elementor-widget elementor-widget-heading\" data-id=\"b53c3dc\" data-element_type=\"widget\" data-e-type=\"widget\" data-widget_type=\"heading.default\">\n\t\t\t\t<div class=\"elementor-widget-container\">\n\t\t\t\t\t<h1 class=\"elementor-heading-title elementor-size-default\">Gastheer<\/h1>\t\t\t\t<\/div>\n\t\t\t\t<\/div>\n\t\t\t\t<div class=\"elementor-element elementor-element-1fe46c0 elementor-widget__width-initial elementor-widget elementor-widget-text-editor\" data-id=\"1fe46c0\" data-element_type=\"widget\" data-e-type=\"widget\" data-widget_type=\"text-editor.default\">\n\t\t\t\t<div class=\"elementor-widget-container\">\n\t\t\t\t\t\t\t\t\t<p>Elementor EU LTD<br \/>4 Asiasstraat, Limassol Cyprus<br \/>contact@support.elementor.com<\/p>\t\t\t\t\t\t\t\t<\/div>\n\t\t\t\t<\/div>\n\t\t\t\t\t<\/div>\n\t\t\t\t<\/div>\n\t\t\t\t<\/div>","protected":false},"excerpt":{"rendered":"<p>Juridische informatie Redactionele verantwoordelijkheid De heer Franck Moscatello is verantwoordelijk voor de redactionele inhoud van de website www.guides-baronnies.com Soci\u00e9t\u00e9 Bureau des Guides des Baronnies Provencales340 Le Grand Chemin26170 Buis-les-BaronniesSIRET : 90467461100010 R\u00e9alisation Topicimes - Agence Web \u00e0 Le Mans3 Avenue Ren\u00e9 Laennec72000 Le MansTelefoon: 07 56 83 87 77https:\/\/topicimes.pro\/ Host Elementor EU LTD4 Asias Street, Limassol Cypruscontact@support.elementor.com<\/p>","protected":false},"author":2,"featured_media":0,"parent":0,"menu_order":0,"comment_status":"closed","ping_status":"closed","template":"","meta":{"footnotes":""},"class_list":["post-149","page","type-page","status-publish","hentry"],"_links":{"self":[{"href":"https:\/\/guides-baronnies.com\/nl\/wp-json\/wp\/v2\/pages\/149","targetHints":{"allow":["GET"]}}],"collection":[{"href":"https:\/\/guides-baronnies.com\/nl\/wp-json\/wp\/v2\/pages"}],"about":[{"href":"https:\/\/guides-baronnies.com\/nl\/wp-json\/wp\/v2\/types\/page"}],"author":[{"embeddable":true,"href":"https:\/\/guides-baronnies.com\/nl\/wp-json\/wp\/v2\/users\/2"}],"replies":[{"embeddable":true,"href":"https:\/\/guides-baronnies.com\/nl\/wp-json\/wp\/v2\/comments?post=149"}],"version-history":[{"count":0,"href":"https:\/\/guides-baronnies.com\/nl\/wp-json\/wp\/v2\/pages\/149\/revisions"}],"wp:attachment":[{"href":"https:\/\/guides-baronnies.com\/nl\/wp-json\/wp\/v2\/media?parent=149"}],"curies":[{"name":"wp","href":"https:\/\/api.w.org\/{rel}","templated":true}]}}