{"id":843,"date":"2025-06-10T09:25:50","date_gmt":"2025-06-10T09:25:50","guid":{"rendered":"https:\/\/guides-baronnies.com\/?page_id=843"},"modified":"2025-09-23T10:20:11","modified_gmt":"2025-09-23T10:20:11","slug":"cgv","status":"publish","type":"page","link":"https:\/\/guides-baronnies.com\/en\/cgv\/","title":{"rendered":"GENERAL TERMS AND CONDITIONS"},"content":{"rendered":"<div data-elementor-type=\"wp-page\" data-elementor-id=\"843\" class=\"elementor elementor-843\" data-elementor-post-type=\"page\">\n\t\t\t\t<div class=\"elementor-element elementor-element-59ef9b4 e-flex e-con-boxed e-con e-parent\" data-id=\"59ef9b4\" data-element_type=\"container\" data-e-type=\"container\">\n\t\t\t\t\t<div class=\"e-con-inner\">\n\t\t\t\t<div class=\"elementor-element elementor-element-790bdbf elementor-widget elementor-widget-heading\" data-id=\"790bdbf\" data-element_type=\"widget\" data-e-type=\"widget\" data-widget_type=\"heading.default\">\n\t\t\t\t<div class=\"elementor-widget-container\">\n\t\t\t\t\t<h1 class=\"elementor-heading-title elementor-size-default\">Terms and conditions of sale<\/h1>\t\t\t\t<\/div>\n\t\t\t\t<\/div>\n\t\t\t\t<div class=\"elementor-element elementor-element-e265498 elementor-widget elementor-widget-heading\" data-id=\"e265498\" data-element_type=\"widget\" data-e-type=\"widget\" data-widget_type=\"heading.default\">\n\t\t\t\t<div class=\"elementor-widget-container\">\n\t\t\t\t\t<h2 class=\"elementor-heading-title elementor-size-default\">Participation <\/h2>\t\t\t\t<\/div>\n\t\t\t\t<\/div>\n\t\t\t\t<div class=\"elementor-element elementor-element-06a9013 elementor-widget__width-initial elementor-widget elementor-widget-text-editor\" data-id=\"06a9013\" data-element_type=\"widget\" data-e-type=\"widget\" data-widget_type=\"text-editor.default\">\n\t\t\t\t<div class=\"elementor-widget-container\">\n\t\t\t\t\t\t\t\t\t<p>To take part in any of the activities organised by the Bureau des Guides des Baronnies, you need to be in good health (in special cases, please contact us), have the right equipment for the chosen activity and follow the safety instructions given by the professional responsible for your activity.<\/p><p>All participants must have third-party liability, first-aid, medical and repatriation insurance.<\/p>\t\t\t\t\t\t\t\t<\/div>\n\t\t\t\t<\/div>\n\t\t\t\t<div class=\"elementor-element elementor-element-75766b2 elementor-widget elementor-widget-heading\" data-id=\"75766b2\" data-element_type=\"widget\" data-e-type=\"widget\" data-widget_type=\"heading.default\">\n\t\t\t\t<div class=\"elementor-widget-container\">\n\t\t\t\t\t<h1 class=\"elementor-heading-title elementor-size-default\">Management<\/h1>\t\t\t\t<\/div>\n\t\t\t\t<\/div>\n\t\t\t\t<div class=\"elementor-element elementor-element-efedab3 elementor-widget__width-initial elementor-widget elementor-widget-text-editor\" data-id=\"efedab3\" data-element_type=\"widget\" data-e-type=\"widget\" data-widget_type=\"text-editor.default\">\n\t\t\t\t<div class=\"elementor-widget-container\">\n\t\t\t\t\t\t\t\t\t<p>Our leaders, instructors and guides are all qualified professionals in their field.<\/p>\t\t\t\t\t\t\t\t<\/div>\n\t\t\t\t<\/div>\n\t\t\t\t<div class=\"elementor-element elementor-element-ae080a6 elementor-widget elementor-widget-heading\" data-id=\"ae080a6\" data-element_type=\"widget\" data-e-type=\"widget\" data-widget_type=\"heading.default\">\n\t\t\t\t<div class=\"elementor-widget-container\">\n\t\t\t\t\t<h1 class=\"elementor-heading-title elementor-size-default\">Security<\/h1>\t\t\t\t<\/div>\n\t\t\t\t<\/div>\n\t\t\t\t<div class=\"elementor-element elementor-element-c8405d1 elementor-widget__width-initial elementor-widget elementor-widget-text-editor\" data-id=\"c8405d1\" data-element_type=\"widget\" data-e-type=\"widget\" data-widget_type=\"text-editor.default\">\n\t\t\t\t<div class=\"elementor-widget-container\">\n\t\t\t\t\t\t\t\t\t<p>The feasibility of any programme is subject to the assessment of our professionals according to the weather conditions, the terrain and the ability of the participants. The guides are in constant contact with the booking office and the emergency services, as well as with various officials (emergency services, gendarmerie, town hall, etc.).<\/p>\t\t\t\t\t\t\t\t<\/div>\n\t\t\t\t<\/div>\n\t\t\t\t<div class=\"elementor-element elementor-element-c7296f4 elementor-widget elementor-widget-heading\" data-id=\"c7296f4\" data-element_type=\"widget\" data-e-type=\"widget\" data-widget_type=\"heading.default\">\n\t\t\t\t<div class=\"elementor-widget-container\">\n\t\t\t\t\t<h2 class=\"elementor-heading-title elementor-size-default\">Weather conditions<\/h2>\t\t\t\t<\/div>\n\t\t\t\t<\/div>\n\t\t\t\t<div class=\"elementor-element elementor-element-50e9fab elementor-widget__width-initial elementor-widget elementor-widget-text-editor\" data-id=\"50e9fab\" data-element_type=\"widget\" data-e-type=\"widget\" data-widget_type=\"text-editor.default\">\n\t\t\t\t<div class=\"elementor-widget-container\">\n\t\t\t\t\t\t\t\t\t<p>Variable weather conditions are in no way a cause for cancellation or postponement on your part, as long as the activity is maintained by the Bureau des Guides des Baronnies. No refund will be made if the professional responsible for the activity does not cancel or postpone the session.<\/p>\t\t\t\t\t\t\t\t<\/div>\n\t\t\t\t<\/div>\n\t\t\t\t<div class=\"elementor-element elementor-element-571cd11 elementor-widget elementor-widget-heading\" data-id=\"571cd11\" data-element_type=\"widget\" data-e-type=\"widget\" data-widget_type=\"heading.default\">\n\t\t\t\t<div class=\"elementor-widget-container\">\n\t\t\t\t\t<h2 class=\"elementor-heading-title elementor-size-default\">Insurance<\/h2>\t\t\t\t<\/div>\n\t\t\t\t<\/div>\n\t\t\t\t<div class=\"elementor-element elementor-element-3622c57 elementor-widget__width-initial elementor-widget elementor-widget-text-editor\" data-id=\"3622c57\" data-element_type=\"widget\" data-e-type=\"widget\" data-widget_type=\"text-editor.default\">\n\t\t\t\t<div class=\"elementor-widget-container\">\n\t\t\t\t\t\t\t\t\t<p>Our services do not include individual insurance covering our activities.<br \/>All participants must have third-party liability, first-aid, medical and repatriation insurance.<\/p><p>On the activities pages of our website, we provide a link to an insurance company that you can take out to cover you for the activities you have chosen.<\/p><p>The Bureau des Guides des Baronnies is insured by the insurance company ALLIANZ under a contract guaranteeing the liability of the vendor linked to the organisation and sale of these various sporting disciplines; policy no. 644 849 53.<\/p>\t\t\t\t\t\t\t\t<\/div>\n\t\t\t\t<\/div>\n\t\t\t\t<div class=\"elementor-element elementor-element-d3ac07d elementor-widget elementor-widget-heading\" data-id=\"d3ac07d\" data-element_type=\"widget\" data-e-type=\"widget\" data-widget_type=\"heading.default\">\n\t\t\t\t<div class=\"elementor-widget-container\">\n\t\t\t\t\t<h2 class=\"elementor-heading-title elementor-size-default\">Booking, Registration and Payment <\/h2>\t\t\t\t<\/div>\n\t\t\t\t<\/div>\n\t\t\t\t<div class=\"elementor-element elementor-element-0cd0403 elementor-widget__width-initial elementor-widget elementor-widget-text-editor\" data-id=\"0cd0403\" data-element_type=\"widget\" data-e-type=\"widget\" data-widget_type=\"text-editor.default\">\n\t\t\t\t<div class=\"elementor-widget-container\">\n\t\t\t\t\t\t\t\t\t<p>We strongly recommend that you book your activities in advance. Bookings must be made with our sales office before your stay, subject to availability and approval by us.<\/p>\t\t\t\t\t\t\t\t<\/div>\n\t\t\t\t<\/div>\n\t\t\t\t<div class=\"elementor-element elementor-element-ff73b18 elementor-widget elementor-widget-heading\" data-id=\"ff73b18\" data-element_type=\"widget\" data-e-type=\"widget\" data-widget_type=\"heading.default\">\n\t\t\t\t<div class=\"elementor-widget-container\">\n\t\t\t\t\t<h2 class=\"elementor-heading-title elementor-size-default\">Cancellation <\/h2>\t\t\t\t<\/div>\n\t\t\t\t<\/div>\n\t\t\t\t<div class=\"elementor-element elementor-element-09bc209 elementor-widget__width-initial elementor-widget elementor-widget-text-editor\" data-id=\"09bc209\" data-element_type=\"widget\" data-e-type=\"widget\" data-widget_type=\"text-editor.default\">\n\t\t\t\t<div class=\"elementor-widget-container\">\n\t\t\t\t\t\t\t\t\t<p>A paid activity can only be reimbursed on presentation of a medical certificate. The activity will then be refunded or postponed to a later day.<\/p><p>By registering, you acknowledge that you have been informed of and accept our general terms and conditions of sale.<\/p>\t\t\t\t\t\t\t\t<\/div>\n\t\t\t\t<\/div>\n\t\t\t\t<div class=\"elementor-element elementor-element-a87b09a elementor-widget elementor-widget-heading\" data-id=\"a87b09a\" data-element_type=\"widget\" data-e-type=\"widget\" data-widget_type=\"heading.default\">\n\t\t\t\t<div class=\"elementor-widget-container\">\n\t\t\t\t\t<h2 class=\"elementor-heading-title elementor-size-default\">Reimbursement<\/h2>\t\t\t\t<\/div>\n\t\t\t\t<\/div>\n\t\t\t\t<div class=\"elementor-element elementor-element-21e4ef5 elementor-widget__width-initial elementor-widget elementor-widget-text-editor\" data-id=\"21e4ef5\" data-element_type=\"widget\" data-e-type=\"widget\" data-widget_type=\"text-editor.default\">\n\t\t\t\t<div class=\"elementor-widget-container\">\n\t\t\t\t\t\t\t\t\t<p>For all half-day, full-day and course activities booked :<br \/>&gt; Before D-48h: No deductions<br \/>&gt; D-48h: 50% of the total amount due<br \/>&gt; D-24h: 100% of the total amount due<\/p><p>Any service interrupted or not used due to an insufficient physical and\/or technical level will not be reimbursed.<\/p><p>If the student is unable to attend the activity at the scheduled time or date, for whatever reason, no claim will be accepted. However, we will be able to provide you with a proof of payment on presentation of a medical certificate.<\/p><p>No reimbursement if the activity is stopped for reasons beyond our control (physical, psychological, bad weather, security measures, etc.).<\/p><p>The professionals reserve the right to modify any programme, with or without prior notice, depending on weather or safety conditions, without any participant being entitled to claim any compensation whatsoever.<\/p>\t\t\t\t\t\t\t\t<\/div>\n\t\t\t\t<\/div>\n\t\t\t\t\t<\/div>\n\t\t\t\t<\/div>\n\t\t\t\t<\/div>","protected":false},"excerpt":{"rendered":"<p>Conditions g\u00e9n\u00e9rales de vente Participation La participation aux activit\u00e9s au Bureau des Guides des Baronnies demande une bonne sant\u00e9 (cas particuliers, nous contacter), un \u00e9quipement adapt\u00e9 aux activit\u00e9s choisies et le respect des consignes de s\u00e9curit\u00e9s sera donn\u00e9 par le professionnel de votre activit\u00e9. Chaque participant doit avoir une assurance responsabilit\u00e9 civile, secours, soins et [&hellip;]<\/p>\n","protected":false},"author":2,"featured_media":0,"parent":0,"menu_order":0,"comment_status":"closed","ping_status":"closed","template":"","meta":{"footnotes":""},"class_list":["post-843","page","type-page","status-publish","hentry"],"_links":{"self":[{"href":"https:\/\/guides-baronnies.com\/en\/wp-json\/wp\/v2\/pages\/843","targetHints":{"allow":["GET"]}}],"collection":[{"href":"https:\/\/guides-baronnies.com\/en\/wp-json\/wp\/v2\/pages"}],"about":[{"href":"https:\/\/guides-baronnies.com\/en\/wp-json\/wp\/v2\/types\/page"}],"author":[{"embeddable":true,"href":"https:\/\/guides-baronnies.com\/en\/wp-json\/wp\/v2\/users\/2"}],"replies":[{"embeddable":true,"href":"https:\/\/guides-baronnies.com\/en\/wp-json\/wp\/v2\/comments?post=843"}],"version-history":[{"count":0,"href":"https:\/\/guides-baronnies.com\/en\/wp-json\/wp\/v2\/pages\/843\/revisions"}],"wp:attachment":[{"href":"https:\/\/guides-baronnies.com\/en\/wp-json\/wp\/v2\/media?parent=843"}],"curies":[{"name":"wp","href":"https:\/\/api.w.org\/{rel}","templated":true}]}}