{"id":435,"date":"2024-01-15T15:37:54","date_gmt":"2024-01-15T15:37:54","guid":{"rendered":"https:\/\/guides-baronnies.com\/?page_id=435"},"modified":"2025-06-10T09:42:46","modified_gmt":"2025-06-10T09:42:46","slug":"hike","status":"publish","type":"page","link":"https:\/\/guides-baronnies.com\/en\/activities\/hike\/","title":{"rendered":"Hiking"},"content":{"rendered":"\t\t<div data-elementor-type=\"wp-page\" data-elementor-id=\"435\" class=\"elementor elementor-435\" data-elementor-post-type=\"page\">\n\t\t\t\t<div class=\"elementor-element elementor-element-96a1b86 e-flex e-con-boxed e-con e-parent\" data-id=\"96a1b86\" data-element_type=\"container\" data-e-type=\"container\" data-settings=\"{&quot;background_background&quot;:&quot;classic&quot;}\">\n\t\t\t\t\t<div class=\"e-con-inner\">\n\t\t\t\t<div class=\"elementor-element elementor-element-421066b elementor-widget__width-initial elementor-widget-mobile__width-inherit elementor-widget elementor-widget-heading\" data-id=\"421066b\" data-element_type=\"widget\" data-e-type=\"widget\" data-widget_type=\"heading.default\">\n\t\t\t\t<div class=\"elementor-widget-container\">\n\t\t\t\t\t<h1 class=\"elementor-heading-title elementor-size-default\">Randonn\u00e9e<\/h1>\t\t\t\t<\/div>\n\t\t\t\t<\/div>\n\t\t\t\t<div class=\"elementor-element elementor-element-7a2fad5 elementor-widget__width-initial elementor-widget-mobile__width-inherit elementor-widget elementor-widget-text-editor\" data-id=\"7a2fad5\" data-element_type=\"widget\" data-e-type=\"widget\" data-widget_type=\"text-editor.default\">\n\t\t\t\t<div class=\"elementor-widget-container\">\n\t\t\t\t\t\t\t\t\t<p>Vous \u00eates dans le Parc Naturel R\u00e9gional des Baronnies en Dr\u00f4me Proven\u00e7ale, la randonn\u00e9e \u00e0 pied se pratique toute l&rsquo;ann\u00e9e. En fonction de la m\u00e9t\u00e9o, quand il fait chaud, nous privil\u00e9gions les itin\u00e9raires p\u00e9destre sur les versants nord ou en altitude et les itin\u00e9raire pr\u00e8s des rivi\u00e8res. Quand il fait plus frais, nous voyagerons au soleil sur les versants sud.<\/p>\t\t\t\t\t\t\t\t<\/div>\n\t\t\t\t<\/div>\n\t\t\t\t\t<\/div>\n\t\t\t\t<\/div>\n\t\t<div class=\"elementor-element elementor-element-eb6b6ac e-flex e-con-boxed e-con e-parent\" data-id=\"eb6b6ac\" data-element_type=\"container\" data-e-type=\"container\">\n\t\t\t\t\t<div class=\"e-con-inner\">\n\t\t<div class=\"elementor-element elementor-element-b447b35 e-con-full e-flex e-con e-child\" data-id=\"b447b35\" data-element_type=\"container\" data-e-type=\"container\">\n\t\t<div class=\"elementor-element elementor-element-fa60fd3 e-con-full e-flex e-con e-child\" data-id=\"fa60fd3\" data-element_type=\"container\" data-e-type=\"container\" data-settings=\"{&quot;background_background&quot;:&quot;classic&quot;}\">\n\t\t\t\t<div class=\"elementor-element elementor-element-3b0147f elementor-widget elementor-widget-heading\" data-id=\"3b0147f\" data-element_type=\"widget\" data-e-type=\"widget\" data-widget_type=\"heading.default\">\n\t\t\t\t<div class=\"elementor-widget-container\">\n\t\t\t\t\t<h2 class=\"elementor-heading-title elementor-size-default\">Randonn\u00e9e p\u00e9destre \u00e0 th\u00e8me<\/h2>\t\t\t\t<\/div>\n\t\t\t\t<\/div>\n\t\t\t\t<div class=\"elementor-element elementor-element-cbc79a1 elementor-widget elementor-widget-text-editor\" data-id=\"cbc79a1\" data-element_type=\"widget\" data-e-type=\"widget\" data-widget_type=\"text-editor.default\">\n\t\t\t\t<div class=\"elementor-widget-container\">\n\t\t\t\t\t\t\t\t\t<p>A la rencontre des Baronnies nous irons randonn\u00e9e \u00e0 la d\u00e9couverte de son terroir : ses vignes et son nectar, la truffe, l\u2019olive, la lavande, et les orangers de Provence bien s\u00fbr. Vous les croisez sur nos march\u00e9s, dans nos villages pittoresques. Tous ces produits en sont les portes drapeau.<\/p><p>Vous d\u00e9couvrirez aussi la faune et la flore qui a su s&rsquo;adapter particuli\u00e8rement au climat de notre r\u00e9gion.<\/p>\t\t\t\t\t\t\t\t<\/div>\n\t\t\t\t<\/div>\n\t\t<div class=\"elementor-element elementor-element-7938d25 e-grid e-con-boxed e-con e-child\" data-id=\"7938d25\" data-element_type=\"container\" data-e-type=\"container\" data-settings=\"{&quot;background_background&quot;:&quot;classic&quot;}\">\n\t\t\t\t\t<div class=\"e-con-inner\">\n\t\t\t\t<div class=\"elementor-element elementor-element-5b36705 elementor-widget elementor-widget-heading\" data-id=\"5b36705\" data-element_type=\"widget\" data-e-type=\"widget\" data-widget_type=\"heading.default\">\n\t\t\t\t<div class=\"elementor-widget-container\">\n\t\t\t\t\t<p class=\"elementor-heading-title elementor-size-default\">R\u00e9servation<\/p>\t\t\t\t<\/div>\n\t\t\t\t<\/div>\n\t\t\t\t<div class=\"elementor-element elementor-element-55ebfee elementor-widget elementor-widget-heading\" data-id=\"55ebfee\" data-element_type=\"widget\" data-e-type=\"widget\" data-widget_type=\"heading.default\">\n\t\t\t\t<div class=\"elementor-widget-container\">\n\t\t\t\t\t<p class=\"elementor-heading-title elementor-size-default\"><a href=\"tel:+33622136087\">+33 6 22 13 60 87<\/a><\/p>\t\t\t\t<\/div>\n\t\t\t\t<\/div>\n\t\t\t\t\t<\/div>\n\t\t\t\t<\/div>\n\t\t\t\t<\/div>\n\t\t<div class=\"elementor-element elementor-element-c50add7 e-con-full e-flex e-con e-child\" data-id=\"c50add7\" data-element_type=\"container\" data-e-type=\"container\" data-settings=\"{&quot;background_background&quot;:&quot;classic&quot;}\">\n\t\t\t\t<\/div>\n\t\t\t\t<\/div>\n\t\t\t\t\t<\/div>\n\t\t\t\t<\/div>\n\t\t<div class=\"elementor-element elementor-element-1e06536 e-flex e-con-boxed e-con e-parent\" data-id=\"1e06536\" data-element_type=\"container\" data-e-type=\"container\">\n\t\t\t\t\t<div class=\"e-con-inner\">\n\t\t<div class=\"elementor-element elementor-element-e09e1db e-con-full e-flex e-con e-child\" data-id=\"e09e1db\" data-element_type=\"container\" data-e-type=\"container\">\n\t\t<div class=\"elementor-element elementor-element-f3e56a1 e-con-full e-flex e-con e-child\" data-id=\"f3e56a1\" data-element_type=\"container\" data-e-type=\"container\" data-settings=\"{&quot;background_background&quot;:&quot;classic&quot;}\">\n\t\t\t\t<\/div>\n\t\t<div class=\"elementor-element elementor-element-a61e676 e-con-full e-flex e-con e-child\" data-id=\"a61e676\" data-element_type=\"container\" data-e-type=\"container\" data-settings=\"{&quot;background_background&quot;:&quot;classic&quot;}\">\n\t\t\t\t<div class=\"elementor-element elementor-element-0ad8c0b elementor-widget elementor-widget-heading\" data-id=\"0ad8c0b\" data-element_type=\"widget\" data-e-type=\"widget\" data-widget_type=\"heading.default\">\n\t\t\t\t<div class=\"elementor-widget-container\">\n\t\t\t\t\t<h2 class=\"elementor-heading-title elementor-size-default\">Randonn\u00e9e de la demi-journ\u00e9e \u00e0 la journ\u00e9e<\/h2>\t\t\t\t<\/div>\n\t\t\t\t<\/div>\n\t\t\t\t<div class=\"elementor-element elementor-element-ff3cbaa elementor-widget elementor-widget-text-editor\" data-id=\"ff3cbaa\" data-element_type=\"widget\" data-e-type=\"widget\" data-widget_type=\"text-editor.default\">\n\t\t\t\t<div class=\"elementor-widget-container\">\n\t\t\t\t\t\t\t\t\t<p>Nous travaillons avec Gregory CURIEL, Accompagnateur en Moyenne Montagne.<\/p><p>Il propose une grande vari\u00e9t\u00e9 de sorties autour de Buis les Baronnies, dans les Baronnies Proven\u00e7ales et en Vaucluse.<\/p><p>Le Mont Ventoux fait bien entendu partie des sorties incontournables.<\/p>\t\t\t\t\t\t\t\t<\/div>\n\t\t\t\t<\/div>\n\t\t<div class=\"elementor-element elementor-element-f1b6b41 e-grid e-con-boxed e-con e-child\" data-id=\"f1b6b41\" data-element_type=\"container\" data-e-type=\"container\" data-settings=\"{&quot;background_background&quot;:&quot;classic&quot;}\">\n\t\t\t\t\t<div class=\"e-con-inner\">\n\t\t\t\t<div class=\"elementor-element elementor-element-e27aa9d elementor-widget elementor-widget-heading\" data-id=\"e27aa9d\" data-element_type=\"widget\" data-e-type=\"widget\" data-widget_type=\"heading.default\">\n\t\t\t\t<div class=\"elementor-widget-container\">\n\t\t\t\t\t<p class=\"elementor-heading-title elementor-size-default\">R\u00e9servation<\/p>\t\t\t\t<\/div>\n\t\t\t\t<\/div>\n\t\t\t\t<div class=\"elementor-element elementor-element-451769c elementor-widget elementor-widget-heading\" data-id=\"451769c\" data-element_type=\"widget\" data-e-type=\"widget\" data-widget_type=\"heading.default\">\n\t\t\t\t<div class=\"elementor-widget-container\">\n\t\t\t\t\t<p class=\"elementor-heading-title elementor-size-default\"><a href=\"tel:+33622136087\">+33 6 22 13 60 87<\/a><\/p>\t\t\t\t<\/div>\n\t\t\t\t<\/div>\n\t\t\t\t\t<\/div>\n\t\t\t\t<\/div>\n\t\t\t\t<\/div>\n\t\t\t\t<\/div>\n\t\t\t\t\t<\/div>\n\t\t\t\t<\/div>\n\t\t<div class=\"elementor-element elementor-element-b1d4f34 e-flex e-con-boxed e-con e-parent\" data-id=\"b1d4f34\" data-element_type=\"container\" data-e-type=\"container\" data-settings=\"{&quot;background_background&quot;:&quot;classic&quot;}\">\n\t\t\t\t\t<div class=\"e-con-inner\">\n\t\t\t\t<div class=\"elementor-element elementor-element-868ff1e elementor-absolute elementor-widget elementor-widget-menu-anchor\" data-id=\"868ff1e\" data-element_type=\"widget\" data-e-type=\"widget\" data-settings=\"{&quot;_position&quot;:&quot;absolute&quot;}\" data-widget_type=\"menu-anchor.default\">\n\t\t\t\t<div class=\"elementor-widget-container\">\n\t\t\t\t\t\t\t<div class=\"elementor-menu-anchor\" id=\"faq\"><\/div>\n\t\t\t\t\t\t<\/div>\n\t\t\t\t<\/div>\n\t\t<div class=\"elementor-element elementor-element-92ec194 e-con-full e-flex e-con e-child\" data-id=\"92ec194\" data-element_type=\"container\" data-e-type=\"container\">\n\t\t\t\t<div class=\"elementor-element elementor-element-935c850 elementor-widget elementor-widget-heading\" data-id=\"935c850\" data-element_type=\"widget\" data-e-type=\"widget\" data-widget_type=\"heading.default\">\n\t\t\t\t<div class=\"elementor-widget-container\">\n\t\t\t\t\t<h2 class=\"elementor-heading-title elementor-size-default\">Des r\u00e9ponses<br>\u00e0 vos questions<\/h2>\t\t\t\t<\/div>\n\t\t\t\t<\/div>\n\t\t\t\t<\/div>\n\t\t<div class=\"elementor-element elementor-element-306bc17 e-con-full e-flex e-con e-child\" data-id=\"306bc17\" data-element_type=\"container\" data-e-type=\"container\">\n\t\t\t\t<div class=\"elementor-element elementor-element-d1d0720 elementor-widget elementor-widget-n-accordion\" data-id=\"d1d0720\" data-element_type=\"widget\" data-e-type=\"widget\" data-settings=\"{&quot;default_state&quot;:&quot;all_collapsed&quot;,&quot;n_accordion_animation_duration&quot;:{&quot;unit&quot;:&quot;ms&quot;,&quot;size&quot;:100,&quot;sizes&quot;:[]},&quot;max_items_expended&quot;:&quot;one&quot;}\" data-widget_type=\"nested-accordion.default\">\n\t\t\t\t<div class=\"elementor-widget-container\">\n\t\t\t\t\t\t\t<div class=\"e-n-accordion\" aria-label=\"Accordion. Open links with Enter or Space, close with Escape, and navigate with Arrow Keys\">\n\t\t\t\t\t\t<details id=\"e-n-accordion-item-2200\" class=\"e-n-accordion-item\" >\n\t\t\t\t<summary class=\"e-n-accordion-item-title\" data-accordion-index=\"1\" tabindex=\"0\" aria-expanded=\"false\" aria-controls=\"e-n-accordion-item-2200\" >\n\t\t\t\t\t<span class='e-n-accordion-item-title-header'><h3 class=\"e-n-accordion-item-title-text\"> Quelle assurance est n\u00e9cessaire pour l\u2019activit\u00e9 ? <\/h3><\/span>\n\t\t\t\t\t\t\t<span class='e-n-accordion-item-title-icon'>\n\t\t\t<span class='e-opened' ><i aria-hidden=\"true\" class=\"fas fa-minus\"><\/i><\/span>\n\t\t\t<span class='e-closed'><i aria-hidden=\"true\" class=\"fas fa-plus\"><\/i><\/span>\n\t\t<\/span>\n\n\t\t\t\t\t\t<\/summary>\n\t\t\t\t<div role=\"region\" aria-labelledby=\"e-n-accordion-item-2200\" class=\"elementor-element elementor-element-d35b4c2 e-con-full e-flex e-con e-child\" data-id=\"d35b4c2\" data-element_type=\"container\" data-e-type=\"container\">\n\t\t\t\t<div class=\"elementor-element elementor-element-c92ea39 elementor-widget__width-inherit elementor-widget elementor-widget-text-editor\" data-id=\"c92ea39\" data-element_type=\"widget\" data-e-type=\"widget\" data-widget_type=\"text-editor.default\">\n\t\t\t\t<div class=\"elementor-widget-container\">\n\t\t\t\t\t\t\t\t\t<p>Pour toutes nos activit\u00e9s, il est important que vous poss\u00e9diez une assurance personnelle couvrant secours, soins et rapatriement.<\/p><p>Si ce n&rsquo;est pas le cas, vous pouvez souscrire \u00e0 une assurance journali\u00e8re via notre partenaire : Assurance Multi Sports.<\/p>\t\t\t\t\t\t\t\t<\/div>\n\t\t\t\t<\/div>\n\t\t\t\t<div class=\"elementor-element elementor-element-ffe8bfc elementor-widget elementor-widget-button\" data-id=\"ffe8bfc\" data-element_type=\"widget\" data-e-type=\"widget\" data-widget_type=\"button.default\">\n\t\t\t\t<div class=\"elementor-widget-container\">\n\t\t\t\t\t\t\t\t\t<div class=\"elementor-button-wrapper\">\n\t\t\t\t\t<a class=\"elementor-button elementor-button-link elementor-size-sm\" href=\"https:\/\/www.assurance-multi-sports.com\/\" target=\"_blank\" rel=\"noopener\">\n\t\t\t\t\t\t<span class=\"elementor-button-content-wrapper\">\n\t\t\t\t\t\t\t\t\t<span class=\"elementor-button-text\">Souscrire<\/span>\n\t\t\t\t\t<\/span>\n\t\t\t\t\t<\/a>\n\t\t\t\t<\/div>\n\t\t\t\t\t\t\t\t<\/div>\n\t\t\t\t<\/div>\n\t\t\t\t<\/div>\n\t\t\t\t\t<\/details>\n\t\t\t\t\t\t<details id=\"e-n-accordion-item-2201\" class=\"e-n-accordion-item\" >\n\t\t\t\t<summary class=\"e-n-accordion-item-title\" data-accordion-index=\"2\" tabindex=\"-1\" aria-expanded=\"false\" aria-controls=\"e-n-accordion-item-2201\" >\n\t\t\t\t\t<span class='e-n-accordion-item-title-header'><h3 class=\"e-n-accordion-item-title-text\"> Collectif ou Priv\u00e9 : \u00e7a veut dire quoi ? <\/h3><\/span>\n\t\t\t\t\t\t\t<span class='e-n-accordion-item-title-icon'>\n\t\t\t<span class='e-opened' ><i aria-hidden=\"true\" class=\"fas fa-minus\"><\/i><\/span>\n\t\t\t<span class='e-closed'><i aria-hidden=\"true\" class=\"fas fa-plus\"><\/i><\/span>\n\t\t<\/span>\n\n\t\t\t\t\t\t<\/summary>\n\t\t\t\t<div role=\"region\" aria-labelledby=\"e-n-accordion-item-2201\" class=\"elementor-element elementor-element-85be116 e-con-full e-flex e-con e-child\" data-id=\"85be116\" data-element_type=\"container\" data-e-type=\"container\">\n\t\t\t\t<div class=\"elementor-element elementor-element-0c817be elementor-widget__width-inherit elementor-widget elementor-widget-text-editor\" data-id=\"0c817be\" data-element_type=\"widget\" data-e-type=\"widget\" data-widget_type=\"text-editor.default\">\n\t\t\t\t<div class=\"elementor-widget-container\">\n\t\t\t\t\t\t\t\t\t<p>La tarification peut \u00eatre accompagn\u00e9e de la mention \u00ab\u00a0Collectif\u00a0\u00bb. Cela signifie que nous organisons le regroupement de plusieurs demandes.<\/p><p>La formule en \u00ab Priv\u00e9 \u00bb est possible, c\u2019est \u00e0 dire que vous r\u00e9servez le guide juste pour vous ou votre groupe ; nous consulter pour les tarifs associ\u00e9s.<\/p>\t\t\t\t\t\t\t\t<\/div>\n\t\t\t\t<\/div>\n\t\t\t\t<\/div>\n\t\t\t\t\t<\/details>\n\t\t\t\t\t\t<details id=\"e-n-accordion-item-2202\" class=\"e-n-accordion-item\" >\n\t\t\t\t<summary class=\"e-n-accordion-item-title\" data-accordion-index=\"3\" tabindex=\"-1\" aria-expanded=\"false\" aria-controls=\"e-n-accordion-item-2202\" >\n\t\t\t\t\t<span class='e-n-accordion-item-title-header'><h3 class=\"e-n-accordion-item-title-text\"> Comment se rendre sur le lieu de rendez-vous ? <\/h3><\/span>\n\t\t\t\t\t\t\t<span class='e-n-accordion-item-title-icon'>\n\t\t\t<span class='e-opened' ><i aria-hidden=\"true\" class=\"fas fa-minus\"><\/i><\/span>\n\t\t\t<span class='e-closed'><i aria-hidden=\"true\" class=\"fas fa-plus\"><\/i><\/span>\n\t\t<\/span>\n\n\t\t\t\t\t\t<\/summary>\n\t\t\t\t<div role=\"region\" aria-labelledby=\"e-n-accordion-item-2202\" class=\"elementor-element elementor-element-91a2e04 e-con-full e-flex e-con e-child\" data-id=\"91a2e04\" data-element_type=\"container\" data-e-type=\"container\">\n\t\t\t\t<div class=\"elementor-element elementor-element-dd2d061 elementor-widget__width-inherit elementor-widget elementor-widget-text-editor\" data-id=\"dd2d061\" data-element_type=\"widget\" data-e-type=\"widget\" data-widget_type=\"text-editor.default\">\n\t\t\t\t<div class=\"elementor-widget-container\">\n\t\t\t\t\t\t\t\t\t<p>Le lieu de rendez-vous vous est communiqu\u00e9 apr\u00e8s votre r\u00e9servation par SMS ou email.<\/p><p>Il est n\u00e9cessaire de pr\u00e9voir votre transport sur le lieu de l\u2019activit\u00e9.<\/p>\t\t\t\t\t\t\t\t<\/div>\n\t\t\t\t<\/div>\n\t\t\t\t<\/div>\n\t\t\t\t\t<\/details>\n\t\t\t\t\t<\/div>\n\t\t\t\t\t<script type=\"application\/ld+json\">{\"@context\":\"https:\\\/\\\/schema.org\",\"@type\":\"FAQPage\",\"mainEntity\":[{\"@type\":\"Question\",\"name\":\"Quelle assurance est n\\u00e9cessaire pour l\\u2019activit\\u00e9 ?\",\"acceptedAnswer\":{\"@type\":\"Answer\",\"text\":\"Pour toutes nos activit\\u00e9s, il est important que vous poss\\u00e9diez une assurance personnelle couvrant secours, soins et rapatriement.Si ce n&rsquo;est pas le cas, vous pouvez souscrire \\u00e0 une assurance journali\\u00e8re via notre partenaire : Assurance Multi Sports.\\t\\t\\t\\t\\t\\t\\t\\t\\n\\t\\t\\t\\t\\n\\t\\t\\t\\t\\n\\t\\t\\t\\t\\n\\t\\t\\t\\t\\t\\t\\t\\t\\t\\n\\t\\t\\t\\t\\t\\n\\t\\t\\t\\t\\t\\t\\n\\t\\t\\t\\t\\t\\t\\t\\t\\tSouscrire\"}},{\"@type\":\"Question\",\"name\":\"Collectif ou Priv\\u00e9 : \\u00e7a veut dire quoi ?\",\"acceptedAnswer\":{\"@type\":\"Answer\",\"text\":\"La tarification peut \\u00eatre accompagn\\u00e9e de la mention \\u00ab\\u00a0Collectif\\u00a0\\u00bb. Cela signifie que nous organisons le regroupement de plusieurs demandes.La formule en \\u00ab Priv\\u00e9 \\u00bb est possible, c\\u2019est \\u00e0 dire que vous r\\u00e9servez le guide juste pour vous ou votre groupe ; nous consulter pour les tarifs associ\\u00e9s.\"}},{\"@type\":\"Question\",\"name\":\"Comment se rendre sur le lieu de rendez-vous ?\",\"acceptedAnswer\":{\"@type\":\"Answer\",\"text\":\"Le lieu de rendez-vous vous est communiqu\\u00e9 apr\\u00e8s votre r\\u00e9servation par SMS ou email.Il est n\\u00e9cessaire de pr\\u00e9voir votre transport sur le lieu de l\\u2019activit\\u00e9.\"}}]}<\/script>\n\t\t\t\t\t\t\t<\/div>\n\t\t\t\t<\/div>\n\t\t\t\t<\/div>\n\t\t\t\t\t<\/div>\n\t\t\t\t<\/div>\n\t\t\t\t<\/div>\n\t\t","protected":false},"excerpt":{"rendered":"<p>Randonn\u00e9e Vous \u00eates dans le Parc Naturel R\u00e9gional des Baronnies en Dr\u00f4me Proven\u00e7ale, la randonn\u00e9e \u00e0 pied se pratique toute l&rsquo;ann\u00e9e. En fonction de la m\u00e9t\u00e9o, quand il fait chaud, nous privil\u00e9gions les itin\u00e9raires p\u00e9destre sur les versants nord ou en altitude et les itin\u00e9raire pr\u00e8s des rivi\u00e8res. Quand il fait plus frais, nous voyagerons [&hellip;]<\/p>\n","protected":false},"author":2,"featured_media":0,"parent":359,"menu_order":0,"comment_status":"closed","ping_status":"closed","template":"","meta":{"footnotes":""},"class_list":["post-435","page","type-page","status-publish","hentry"],"_links":{"self":[{"href":"https:\/\/guides-baronnies.com\/en\/wp-json\/wp\/v2\/pages\/435","targetHints":{"allow":["GET"]}}],"collection":[{"href":"https:\/\/guides-baronnies.com\/en\/wp-json\/wp\/v2\/pages"}],"about":[{"href":"https:\/\/guides-baronnies.com\/en\/wp-json\/wp\/v2\/types\/page"}],"author":[{"embeddable":true,"href":"https:\/\/guides-baronnies.com\/en\/wp-json\/wp\/v2\/users\/2"}],"replies":[{"embeddable":true,"href":"https:\/\/guides-baronnies.com\/en\/wp-json\/wp\/v2\/comments?post=435"}],"version-history":[{"count":0,"href":"https:\/\/guides-baronnies.com\/en\/wp-json\/wp\/v2\/pages\/435\/revisions"}],"up":[{"embeddable":true,"href":"https:\/\/guides-baronnies.com\/en\/wp-json\/wp\/v2\/pages\/359"}],"wp:attachment":[{"href":"https:\/\/guides-baronnies.com\/en\/wp-json\/wp\/v2\/media?parent=435"}],"curies":[{"name":"wp","href":"https:\/\/api.w.org\/{rel}","templated":true}]}}